{"id":10,"date":"2011-07-14T13:12:29","date_gmt":"2011-07-14T13:12:29","guid":{"rendered":"http:\/\/kurt-henschel.prignitz-museum.de\/?page_id=10"},"modified":"2015-06-28T15:15:35","modified_gmt":"2015-06-28T13:15:35","slug":"impressum","status":"publish","type":"page","link":"https:\/\/kurt-henschel.prignitz-museum.de\/?page_id=10","title":{"rendered":"Impressum"},"content":{"rendered":"<p>Angaben gem\u00e4\u00df \u00a7 5 Telemediengesetz:<br \/>\nf\u00fcr www.kurt-henschel.de<br \/>\nMax Tietze<br \/>\nFriedensstr. 11<br \/>\n39539 Havelberg<br \/>\nTel.: (039387) 21451<\/p>\n<p>f\u00fcr www.kurt-henschel.prignitz-museum.de<br \/>\nVerein &#8222;Freunde und F\u00f6rderer des Prignitz-Museums e.V.&#8220;<br \/>\nc\/o Prignitz-Museum<br \/>\nDomplatz 3<br \/>\n39539 Havelberg<br \/>\nTelefon (03 93 87) 21 422<\/p>\n<p>Inhaltlich Verantwortlicher gem\u00e4\u00df \u00a7 55 Rundfunkstaatsvertrag:<\/p>\n<p>Max Tietze<br \/>\nFriedensstr. 11<br \/>\n39539 Havelberg<br \/>\nTel.: (039387) 21451<\/p>\n<p>Verein &#8222;Freunde und F\u00f6rderer des Prignitz-Museums e.V.&#8220;<br \/>\nc\/o Prignitz-Museum<br \/>\nDomplatz 3<br \/>\n39539 Havelberg<br \/>\nTelefon (03 93 87) 21 422<\/p>\n<p>&nbsp;<\/p>\n<p><strong>Haftungsausschluss<\/strong><br \/>\nDas Landgericht Hamburg hat in seinem Urteil vom 12.\u00a0Mai\u00a01998 (Az.:\u00a0312\u00a0O\u00a085\/98) entschieden, dass die Verwendung von Links zu anderen Internetseiten dazu f\u00fchren kann, dass der Verlinkende die Inhalte dieser Seiten gegebenenfalls mit zu verantworten hat, es sei denn, er schlie\u00dft diese Verantwortung ausdr\u00fccklich aus.<br \/>\nDer Homepage-Inhaber weist darauf hin, dass keinerlei Einfluss auf Inhalt oder Gestaltung der verlinkten Seiten besteht. Deshalb distanziert sich der Homepage-Inhaber hiermit ausdr\u00fccklich von den Inhalten aller Seiten, die auf dessen Seiten verlinkt sind.<br \/>\nAu\u00dferdem k\u00f6nnen die Internetseiten ohne Wissen des Homepage-Inhabers von anderen Seiten verlinkt worden sein. Es wird keinerlei Verantwortung f\u00fcr die Inhalte und die Gestaltung dieser verlinkenden Internetseiten Dritter \u00fcbernommen.<\/p>\n<p>Diese Webseite nutzt eine Version von WordPress.<br \/>\nDiese Website benutzt Google Analytics, einen Webanalysedienst der Google Inc. (Google) Google Analytics verwendet sog. Cookies, Textdateien, die auf Ihrem Computer gespeichert werden und die eine Analyse der Benutzung der Website durch Sie erm\u00f6glicht. Die durch den Cookie erzeugten Informationen \u00fcber Ihre Benutzung dieser Website (einschlie\u00dflich Ihrer IP-Adresse) wird an einen Server von Google in den USA \u00fcbertragen und dort gespeichert. Google wird diese Informationen benutzen, um Ihre Nutzung der Website auszuwerten, um Reports \u00fcber die Websiteaktivit\u00e4ten f\u00fcr die Websitebetreiber zusammenzustellen und um weitere mit der Websitenutzung und der Internetnutzung verbundene Dienstleistungen zu erbringen. Auch wird Google diese Informationen gegebenenfalls an Dritte \u00fcbertragen, sofern dies gesetzlich vorgeschrieben oder soweit Dritte diese Daten im Auftrag von Google verarbeiten. Google wird in keinem Fall Ihre IP-Adresse mit anderen Daten der Google Inc. in Verbindung bringen. Sie k\u00f6nnen die Installation der Cookies durch eine entsprechende Einstellung Ihrer Browser Software verhindern; wir weisen Sie jedoch darauf hin, dass Sie in diesem Fall gegebenenfalls nicht s\u00e4mtliche Funktionen dieser Website voll umf\u00e4nglich nutzen k\u00f6nnen. Durch die Nutzung dieser Website erkl\u00e4ren Sie sich mit der Bearbeitung der \u00fcber Sie erhobenen Daten durch Google in der zuvor beschriebenen Art und Weise und zu dem zuvor benannten Zweck einverstanden.<\/p>\n","protected":false},"excerpt":{"rendered":"<p>Angaben gem\u00e4\u00df \u00a7 5 Telemediengesetz: f\u00fcr www.kurt-henschel.de Max Tietze Friedensstr. 11 39539 Havelberg Tel.: (039387) 21451 f\u00fcr www.kurt-henschel.prignitz-museum.de Verein &#8222;Freunde und F\u00f6rderer des Prignitz-Museums e.V.&#8220; c\/o Prignitz-Museum Domplatz 3 39539 Havelberg Telefon (03 93 87) 21 422 Inhaltlich Verantwortlicher gem\u00e4\u00df \u00a7 55 Rundfunkstaatsvertrag: Max Tietze Friedensstr. 11 39539 Havelberg Tel.: (039387) 21451 Verein &#8222;Freunde und &hellip; <a href=\"https:\/\/kurt-henschel.prignitz-museum.de\/?page_id=10\" class=\"more-link\"><span class=\"screen-reader-text\">Impressum<\/span> weiterlesen <span class=\"meta-nav\">&rarr;<\/span><\/a><\/p>\n","protected":false},"author":1,"featured_media":0,"parent":0,"menu_order":4,"comment_status":"closed","ping_status":"open","template":"","meta":{"footnotes":""},"class_list":["post-10","page","type-page","status-publish","hentry"],"aioseo_notices":[],"publishpress_future_action":{"enabled":false,"date":"2026-05-11 20:00:37","action":"Draft","newStatus":"draft","terms":[],"taxonomy":"","extraData":[]},"publishpress_future_workflow_manual_trigger":{"enabledWorkflows":[]},"_links":{"self":[{"href":"https:\/\/kurt-henschel.prignitz-museum.de\/index.php?rest_route=\/wp\/v2\/pages\/10","targetHints":{"allow":["GET"]}}],"collection":[{"href":"https:\/\/kurt-henschel.prignitz-museum.de\/index.php?rest_route=\/wp\/v2\/pages"}],"about":[{"href":"https:\/\/kurt-henschel.prignitz-museum.de\/index.php?rest_route=\/wp\/v2\/types\/page"}],"author":[{"embeddable":true,"href":"https:\/\/kurt-henschel.prignitz-museum.de\/index.php?rest_route=\/wp\/v2\/users\/1"}],"replies":[{"embeddable":true,"href":"https:\/\/kurt-henschel.prignitz-museum.de\/index.php?rest_route=%2Fwp%2Fv2%2Fcomments&post=10"}],"version-history":[{"count":2,"href":"https:\/\/kurt-henschel.prignitz-museum.de\/index.php?rest_route=\/wp\/v2\/pages\/10\/revisions"}],"predecessor-version":[{"id":179,"href":"https:\/\/kurt-henschel.prignitz-museum.de\/index.php?rest_route=\/wp\/v2\/pages\/10\/revisions\/179"}],"wp:attachment":[{"href":"https:\/\/kurt-henschel.prignitz-museum.de\/index.php?rest_route=%2Fwp%2Fv2%2Fmedia&parent=10"}],"curies":[{"name":"wp","href":"https:\/\/api.w.org\/{rel}","templated":true}]}}